{"id":1015,"date":"2021-09-03T09:23:44","date_gmt":"2021-09-03T09:23:44","guid":{"rendered":"http:\/\/10.10.50.99\/wordpress\/?page_id=77"},"modified":"2021-09-16T07:37:54","modified_gmt":"2021-09-16T05:37:54","slug":"vent","status":"publish","type":"page","link":"https:\/\/www.wieshof.at\/en\/vent\/","title":{"rendered":"Vent"},"content":{"rendered":"<div style=\"height:90px\" aria-hidden=\"true\" class=\"wp-block-spacer\"><\/div>\n\n\n\n<div class=\"wp-block-columns alignwide\">\n<div class=\"wp-block-column is-vertically-aligned-center\" style=\"flex-basis:60%\">\n<div class=\"wp-block-image\"><figure class=\"aligncenter size-full\"><img loading=\"lazy\" width=\"800\" height=\"600\" src=\"http:\/\/wieshof.its-donbosco.de\/wp-content\/uploads\/2020\/09\/Gebirgsdorf_Vent_in_den_Oetztaler_Alpen_2009-08-22.jpg\" alt=\"\" class=\"wp-image-951\" srcset=\"https:\/\/www.wieshof.at\/wp-content\/uploads\/2020\/09\/Gebirgsdorf_Vent_in_den_Oetztaler_Alpen_2009-08-22.jpg 800w, https:\/\/www.wieshof.at\/wp-content\/uploads\/2020\/09\/Gebirgsdorf_Vent_in_den_Oetztaler_Alpen_2009-08-22-300x225.jpg 300w, https:\/\/www.wieshof.at\/wp-content\/uploads\/2020\/09\/Gebirgsdorf_Vent_in_den_Oetztaler_Alpen_2009-08-22-768x576.jpg 768w\" sizes=\"(max-width: 800px) 100vw, 800px\" \/><\/figure><\/div>\n<\/div>\n\n\n\n<div class=\"wp-block-column is-vertically-aligned-center\" style=\"flex-basis:40%\">\n<p class=\"centeredText\"><span align=\"center\" class=\"spanHead\">Welcome to Vent,<br>our beautiful village in the valley!<\/span><\/p>\n\n\n\n<p class=\"lineHeight blockText\">Surrounded by the impressive mountain peaks of the Oetztal Alps, Vent lies at an impressive altitude of 1.900 metres. Thanks to this, Vent is the ideal starting point for high alpine tours and easy hikes to any of the numerous mountain huts.<\/p>\n\n\n\n<p class=\"lineHeight blockText\">During the winter months, the high altitude Vent is very snow proof and provides an enjoyable skiing experience without waiting times at the chairlifts.<\/p>\n<\/div>\n<\/div>\n\n\n\n<div style=\"height:40px\" aria-hidden=\"true\" class=\"wp-block-spacer\"><\/div>\n\n\n\n<p><\/p>","protected":false},"excerpt":{"rendered":"<p>Gr\u00fc\u00dfgott in Vent,das sch\u00f6ne Dorf im Tal! Umgeben von imposanten Gipfeln der \u00d6tztaler Alpen, liegt Vent auf eindrucksvollen 1.900 m H\u00f6he. Daher ist Vent der ideale Ausgangspunkt f\u00fcr hochalpine Touren und einfache Wanderungen zu den zahlreichen Schutzh\u00fctten. Im Winter ist Vent dank seiner H\u00f6henlage sehr schneesicher und bietet ein garantiertes Skivergn\u00fcgen ohne Wartezeiten an den [&hellip;]<\/p>","protected":false},"author":4,"featured_media":0,"parent":0,"menu_order":0,"comment_status":"closed","ping_status":"closed","template":"","meta":[],"_links":{"self":[{"href":"https:\/\/www.wieshof.at\/en\/wp-json\/wp\/v2\/pages\/1015"}],"collection":[{"href":"https:\/\/www.wieshof.at\/en\/wp-json\/wp\/v2\/pages"}],"about":[{"href":"https:\/\/www.wieshof.at\/en\/wp-json\/wp\/v2\/types\/page"}],"author":[{"embeddable":true,"href":"https:\/\/www.wieshof.at\/en\/wp-json\/wp\/v2\/users\/4"}],"replies":[{"embeddable":true,"href":"https:\/\/www.wieshof.at\/en\/wp-json\/wp\/v2\/comments?post=1015"}],"version-history":[{"count":46,"href":"https:\/\/www.wieshof.at\/en\/wp-json\/wp\/v2\/pages\/1015\/revisions"}],"predecessor-version":[{"id":1572,"href":"https:\/\/www.wieshof.at\/en\/wp-json\/wp\/v2\/pages\/1015\/revisions\/1572"}],"wp:attachment":[{"href":"https:\/\/www.wieshof.at\/en\/wp-json\/wp\/v2\/media?parent=1015"}],"curies":[{"name":"wp","href":"https:\/\/api.w.org\/{rel}","templated":true}]}}