{"id":1258,"date":"2021-09-08T11:40:52","date_gmt":"2021-09-08T09:40:52","guid":{"rendered":"http:\/\/wieshof.its-donbosco.de\/?page_id=1258"},"modified":"2021-09-21T11:03:08","modified_gmt":"2021-09-21T09:03:08","slug":"kreuzspitz-fluchtkogel-hochvernagt","status":"publish","type":"page","link":"https:\/\/www.wieshof.at\/en\/kreuzspitz-fluchtkogel-hochvernagt\/","title":{"rendered":"Kreuzspitz \/ Fluchtkogel \/ Hochvernagt"},"content":{"rendered":"<div style=\"height:1px\" aria-hidden=\"true\" class=\"wp-block-spacer\"><\/div>\n\n\n\n<div class=\"wp-block-columns alignfull\">\n<div class=\"wp-block-column is-vertically-aligned-top\" style=\"flex-basis:50%\">\n<a href=\"http:\/\/wieshof.its-donbosco.de\/appartements\/#KFH\">\n<button class=\"apBtn\">BACK<\/button>\n<\/a>\n\n\n\n<div style=\"height:30px\" aria-hidden=\"true\" class=\"wp-block-spacer\"><\/div>\n\n\n\n<div class=\"wp-block-nextend-smartslider3 apSlide\"><\/div>\n<\/div>\n\n\n\n<div class=\"wp-block-column is-vertically-aligned-center\" style=\"flex-basis:50%\">\n<div class=\"topText\">\n<p><span class=\"apHead\">Kreuzspitz \/ Fluchtkogel \/ Hochvernagt<\/span><br>\nRustic apartments (approx. 35 m\u00b2) consisting of:\n<ul>\n<li>1 Double room with TV<\/li>\n<li>1 living-room\/kitchen with 1 sofa bed for 2 people,<br>\n\u00a0\u00a0\u00a0TV, fully equipped kitchenette with fridge,<br>\n\u00a0\u00a0\u00a0fridge, electric stove (without oven),<br>\n\u00a0\u00a0\u00a0coffee machine, dining area etc.<\/li>\n<li>1 bathroom with shower; toilet separately.<\/li>\n<\/ul>\n<\/p>\n<\/div>\n<\/div>\n<\/div>\n\n\n\n<div class=\"wp-block-columns alignfull are-vertically-aligned-center tblRow\">\n<div class=\"wp-block-column is-vertically-aligned-center\" style=\"flex-basis:20%\"><\/div>\n\n\n\n<div class=\"wp-block-column is-vertically-aligned-center\" style=\"flex-basis:80%\">\n<figure class=\"wp-block-table alignfull\"><table id=\"table\" class=\"tab\"><tbody>\n<tr>\n  <td><strong>\u2713<\/strong>&nbsp;towels available<\/td>\n  <td><strong>\u2713<\/strong>&nbsp;coffee machine<\/td>\n<\/tr>\n\n<tr>\n  <td><strong>\u2713<\/strong>&nbsp;WiFi<\/td>\n  <td><strong>\u2713<\/strong>&nbsp;living-\/bedrooms combined<\/td>\n<\/tr>\n\n<tr>\n  <td><strong>\u2717<\/strong>&nbsp;no pets allowed<\/td>\n  <td><strong>\u2713<\/strong>&nbsp;microwave\/apartment<\/td>\n<\/tr>\n\n<tr>\n  <td><strong>\u2713<\/strong>&nbsp;fridge<\/td>\n  <td><strong>\u2713<\/strong>&nbsp;TV<\/td>\n<\/tr>\n\n<tr>\n  <td><strong>\u2713<\/strong>&nbsp;dishes available<\/td>\n  <td><strong>\u2713<\/strong>&nbsp;living-room\/kitchen<\/td>\n<\/tr>\n\n<tr>\n  <td><strong>\u2713<\/strong>&nbsp;electric kettle<\/td>\n  <td><strong>\u2713<\/strong>&nbsp;table and kitchen linen<\/td>\n<\/tr>\n\n<tr>\n  <td><strong>\u2713<\/strong>&nbsp;bed sheets available<\/td>\n  <td><strong>\u2713<\/strong>&nbsp;electric stove<\/td>\n<\/tr>\n\n<\/tbody><\/table><\/figure>\n<\/div>\n<\/div>\n\n\n\n<div style=\"height:100px\" aria-hidden=\"true\" class=\"wp-block-spacer\"><\/div>","protected":false},"excerpt":{"rendered":"<p>zur\u00fcck Kreuzspitz \/ Fluchtkogel \/ Hochvernagt Rustikale Appartements&nbsp;(ca. 35 m\u00b2) bestehend aus: 1 Doppelzimmer mit TV 1 Wohnk\u00fcche mit&nbsp;1 Schlafsofa f\u00fcr 2 Personen, &emsp;TV, vollausgestattete K\u00fcchenzeile mit &emsp;K\u00fchlschrank,&nbsp;Elektroherd&nbsp;(ohne Backofen), &emsp;Kaffeemaschine, Essecke uvm. 1 Badezimmer mit Dusche; separates WC. \u2713&nbsp;Handt\u00fccher vorhanden \u2713&nbsp;Kaffee-Maschine \u2713&nbsp;WiFi \u2713&nbsp;Wohn-\/Schlafr\u00e4ume kombiniert \u2717&nbsp;Haustiere nicht erlaubt \u2713&nbsp;Mikrowelle\/App. \u2713&nbsp;K\u00fchlschrank \u2713&nbsp;Fernseher \u2713&nbsp;Geschirr vorhanden \u2713&nbsp;Wohnk\u00fcche \u2713&nbsp;Wasserkocher \u2713&nbsp;Tisch- [&hellip;]<\/p>","protected":false},"author":4,"featured_media":0,"parent":0,"menu_order":0,"comment_status":"closed","ping_status":"closed","template":"","meta":[],"_links":{"self":[{"href":"https:\/\/www.wieshof.at\/en\/wp-json\/wp\/v2\/pages\/1258"}],"collection":[{"href":"https:\/\/www.wieshof.at\/en\/wp-json\/wp\/v2\/pages"}],"about":[{"href":"https:\/\/www.wieshof.at\/en\/wp-json\/wp\/v2\/types\/page"}],"author":[{"embeddable":true,"href":"https:\/\/www.wieshof.at\/en\/wp-json\/wp\/v2\/users\/4"}],"replies":[{"embeddable":true,"href":"https:\/\/www.wieshof.at\/en\/wp-json\/wp\/v2\/comments?post=1258"}],"version-history":[{"count":79,"href":"https:\/\/www.wieshof.at\/en\/wp-json\/wp\/v2\/pages\/1258\/revisions"}],"predecessor-version":[{"id":1662,"href":"https:\/\/www.wieshof.at\/en\/wp-json\/wp\/v2\/pages\/1258\/revisions\/1662"}],"wp:attachment":[{"href":"https:\/\/www.wieshof.at\/en\/wp-json\/wp\/v2\/media?parent=1258"}],"curies":[{"name":"wp","href":"https:\/\/api.w.org\/{rel}","templated":true}]}}