{"id":23,"date":"2021-09-03T05:57:48","date_gmt":"2021-09-03T05:57:48","guid":{"rendered":"http:\/\/10.10.50.99\/wordpress\/?page_id=23"},"modified":"2021-09-21T11:37:53","modified_gmt":"2021-09-21T09:37:53","slug":"appartements","status":"publish","type":"page","link":"https:\/\/www.wieshof.at\/en\/appartements\/","title":{"rendered":"Apartments"},"content":{"rendered":"<div class=\"wp-block-nextend-smartslider3\"><\/div>\n\n\n\n<div id=\"KFH\" class=\"wp-block-image\"><figure class=\"aligncenter size-thumbnail is-resized\"><img src=\"http:\/\/wieshof.its-donbosco.de\/wp-content\/uploads\/2021\/09\/3B1CA77C-7A6D-4214-A4A4-8837C3E2FD04-1024x146.png\" alt=\"\" class=\"wp-image-1024\" height=\"90\"><\/figure><\/div>\n\n\n\n<div class=\"wp-block-columns alignfull\">\n<div class=\"wp-block-column is-vertically-aligned-center\" style=\"flex-basis:50%\">\n<div class=\"wp-block-nextend-smartslider3 apFrontSlide\"><\/div>\n<\/div>\n\n\n\n<div class=\"wp-block-column is-vertically-aligned-center\" style=\"flex-basis:50%\">\n<p><span class=\"apHead\">Kreuzspitz \/ Fluchtkogel \/ Hochvernagt<\/span><br>\nRustic apartments (approx. 35 m\u00b2) consisting of:\n<ul>\n<li>1 Double room with TV<\/li>\n<li>1 living-room\/kitchen with 1 sofa bed for 2 people,<br>\n\u00a0\u00a0\u00a0TV, fully equipped kitchenette with fridge,<br>\n\u00a0\u00a0\u00a0fridge, electric stove (without oven),<br>\n\u00a0\u00a0\u00a0coffee machine, dining area etc.<\/li>\n<li>1 bathroom with shower; toilet separately.<\/li>\n<\/ul>\n<\/p>\n<a href=\"http:\/\/wieshof.its-donbosco.de\/kreuzspitz-fluchtkogel-hochvernagt\/\">\n<button class=\"Btn\">Details<\/button>\n<\/a>\n\n\n\n<p><\/p>\n<\/div>\n<\/div>\n\n\n\n<div style=\"height:120px\" aria-hidden=\"true\" class=\"wp-block-spacer\"><\/div>\n\n\n\n<div id=\"WS\" class=\"wp-block-image\"><figure class=\"aligncenter size-large\"><img loading=\"lazy\" width=\"1024\" height=\"146\" src=\"http:\/\/wieshof.its-donbosco.de\/wp-content\/uploads\/2021\/09\/3B1CA77C-7A6D-4214-A4A4-8837C3E2FD04-1024x146.png\" alt=\"\" class=\"wp-image-1380\" srcset=\"https:\/\/www.wieshof.at\/wp-content\/uploads\/2021\/09\/3B1CA77C-7A6D-4214-A4A4-8837C3E2FD04-1024x146.png 1024w, https:\/\/www.wieshof.at\/wp-content\/uploads\/2021\/09\/3B1CA77C-7A6D-4214-A4A4-8837C3E2FD04-300x43.png 300w, https:\/\/www.wieshof.at\/wp-content\/uploads\/2021\/09\/3B1CA77C-7A6D-4214-A4A4-8837C3E2FD04-768x110.png 768w, https:\/\/www.wieshof.at\/wp-content\/uploads\/2021\/09\/3B1CA77C-7A6D-4214-A4A4-8837C3E2FD04-1536x219.png 1536w, https:\/\/www.wieshof.at\/wp-content\/uploads\/2021\/09\/3B1CA77C-7A6D-4214-A4A4-8837C3E2FD04-2048x293.png 2048w, https:\/\/www.wieshof.at\/wp-content\/uploads\/2021\/09\/3B1CA77C-7A6D-4214-A4A4-8837C3E2FD04-1200x171.png 1200w, https:\/\/www.wieshof.at\/wp-content\/uploads\/2021\/09\/3B1CA77C-7A6D-4214-A4A4-8837C3E2FD04-1980x283.png 1980w\" sizes=\"(max-width: 1024px) 100vw, 1024px\" \/><\/figure><\/div>\n\n\n\n<div class=\"wp-block-columns alignfull\">\n<div class=\"wp-block-column is-vertically-aligned-center\" style=\"flex-basis:47%\">\n<div class=\"divLeft\">\n<p>\n<span class=\"apHead\">Weisskugl \/ Similaun<\/span><br>\nNew, modern apartments (approx. 40 m\u00b2) consisting of:\n<\/p>\n<ul>\n<li>1 Double room with TV<\/li>\n<li>1 big living-room\/kitchen with 2 sofa beds for 1 person each,<br>\n\u00a0\u00a0\u00a0TV, fully equipped kitchenette with fridge,<br>\n\u00a0\u00a0\u00a0Ceran stove (without oven), dishwasher,<br>\n\u00a0\u00a0\u00a0coffee machine, dining area etc.<\/li>\n<li>1 bathroom with shower; toilet separately.<\/li>\n<\/ul>\n<p>Enjoy the beautiful view off the balcony. <\/p>\n<\/div>\n<a href=\"http:\/\/wieshof.its-donbosco.de\/weisskugl-similaun\">\n<button class=\"Btn\">Details<\/button>\n<\/a>\n\n\n\n<p><\/p>\n<\/div>\n\n\n\n<div class=\"wp-block-column is-vertically-aligned-center\" style=\"flex-basis:50%\">\n<div class=\"wp-block-nextend-smartslider3 apFrontSlide\"><\/div>\n<\/div>\n<\/div>\n\n\n\n<div style=\"height:95px\" aria-hidden=\"true\" class=\"wp-block-spacer\"><\/div>\n\n\n\n<div id=\"W\" class=\"wp-block-image\"><figure class=\"aligncenter size-large\"><img loading=\"lazy\" width=\"1024\" height=\"146\" src=\"http:\/\/wieshof.its-donbosco.de\/wp-content\/uploads\/2021\/09\/3B1CA77C-7A6D-4214-A4A4-8837C3E2FD04-1024x146.png\" alt=\"\" class=\"wp-image-1380\" srcset=\"https:\/\/www.wieshof.at\/wp-content\/uploads\/2021\/09\/3B1CA77C-7A6D-4214-A4A4-8837C3E2FD04-1024x146.png 1024w, https:\/\/www.wieshof.at\/wp-content\/uploads\/2021\/09\/3B1CA77C-7A6D-4214-A4A4-8837C3E2FD04-300x43.png 300w, https:\/\/www.wieshof.at\/wp-content\/uploads\/2021\/09\/3B1CA77C-7A6D-4214-A4A4-8837C3E2FD04-768x110.png 768w, https:\/\/www.wieshof.at\/wp-content\/uploads\/2021\/09\/3B1CA77C-7A6D-4214-A4A4-8837C3E2FD04-1536x219.png 1536w, https:\/\/www.wieshof.at\/wp-content\/uploads\/2021\/09\/3B1CA77C-7A6D-4214-A4A4-8837C3E2FD04-2048x293.png 2048w, https:\/\/www.wieshof.at\/wp-content\/uploads\/2021\/09\/3B1CA77C-7A6D-4214-A4A4-8837C3E2FD04-1200x171.png 1200w, https:\/\/www.wieshof.at\/wp-content\/uploads\/2021\/09\/3B1CA77C-7A6D-4214-A4A4-8837C3E2FD04-1980x283.png 1980w\" sizes=\"(max-width: 1024px) 100vw, 1024px\" \/><\/figure><\/div>\n\n\n\n<div class=\"wp-block-columns alignfull\">\n<div class=\"wp-block-column is-vertically-aligned-center\" style=\"flex-basis:50%\">\n<div class=\"wp-block-nextend-smartslider3 apFrontSlide\"><\/div>\n<\/div>\n\n\n\n<div class=\"wp-block-column is-vertically-aligned-center\" style=\"flex-basis:47%\">\n<p><span class=\"apHead\">Wildspitz<\/span><br>\nNew, modern apartment Wildspitz (approx. 50 m\u00b2) consisting of:\n<\/p>\n<ul>\n<li>1 Double room with TV<\/li>\n<li>1 living-room\/kitchen with 2 sofa beds for 1 person each,<br>\n\u00a0\u00a0\u00a0TV, fully equipped kitchenette with fridge,<br>\n\u00a0\u00a0\u00a0Ceran stove (without oven), dishwasher,<br>\n\u00a0\u00a0\u00a0coffee machine, dining area etc.<\/li>\n<li>1 bathroom with shower; toilet separately.<\/li>\n<\/ul>\n<p>With own balcony to relax on.<\/p>\n<a href=\"http:\/\/wieshof.its-donbosco.de\/?page_id=1272\">\n<button class=\"Btn\">Details<\/button>\n<\/a>\n\n\n\n<p><\/p>\n<\/div>\n<\/div>\n\n\n\n<div style=\"height:85px\" aria-hidden=\"true\" class=\"wp-block-spacer\"><\/div>\n\n\n\n<div class=\"wp-block-image\"><figure class=\"aligncenter size-large\"><img loading=\"lazy\" width=\"1024\" height=\"146\" src=\"http:\/\/wieshof.its-donbosco.de\/wp-content\/uploads\/2021\/09\/3B1CA77C-7A6D-4214-A4A4-8837C3E2FD04-1024x146.png\" alt=\"\" class=\"wp-image-1380\" srcset=\"https:\/\/www.wieshof.at\/wp-content\/uploads\/2021\/09\/3B1CA77C-7A6D-4214-A4A4-8837C3E2FD04-1024x146.png 1024w, https:\/\/www.wieshof.at\/wp-content\/uploads\/2021\/09\/3B1CA77C-7A6D-4214-A4A4-8837C3E2FD04-300x43.png 300w, https:\/\/www.wieshof.at\/wp-content\/uploads\/2021\/09\/3B1CA77C-7A6D-4214-A4A4-8837C3E2FD04-768x110.png 768w, https:\/\/www.wieshof.at\/wp-content\/uploads\/2021\/09\/3B1CA77C-7A6D-4214-A4A4-8837C3E2FD04-1536x219.png 1536w, https:\/\/www.wieshof.at\/wp-content\/uploads\/2021\/09\/3B1CA77C-7A6D-4214-A4A4-8837C3E2FD04-2048x293.png 2048w, https:\/\/www.wieshof.at\/wp-content\/uploads\/2021\/09\/3B1CA77C-7A6D-4214-A4A4-8837C3E2FD04-1200x171.png 1200w, https:\/\/www.wieshof.at\/wp-content\/uploads\/2021\/09\/3B1CA77C-7A6D-4214-A4A4-8837C3E2FD04-1980x283.png 1980w\" sizes=\"(max-width: 1024px) 100vw, 1024px\" \/><\/figure><\/div>\n\n\n\n<p><\/p>","protected":false},"excerpt":{"rendered":"<p>Kreuzspitz \/ Fluchtkogel \/ Hochvernagt Rustikale Appartements&nbsp;(ca. 35 m\u00b2) bestehend aus: 1 Doppelzimmer mit TV 1 Wohnk\u00fcche mit&nbsp;1 Schlafsofa f\u00fcr 2 Personen, &emsp;TV, vollausgestattete K\u00fcchenzeile mit &emsp;K\u00fchlschrank,&nbsp;Elektroherd&nbsp;(ohne Backofen), &emsp;Kaffeemaschine, Essecke uvm. 1 Badezimmer mit Dusche; separates WC. Details Weisskugl \/ Similaun Neue, moderne&nbsp;Appartements mit ca. 40 m\u00b2 bestehend aus: 1 Doppelzimmer mit TV 1 Wohnk\u00fcche [&hellip;]<\/p>","protected":false},"author":4,"featured_media":0,"parent":0,"menu_order":0,"comment_status":"closed","ping_status":"closed","template":"","meta":[],"_links":{"self":[{"href":"https:\/\/www.wieshof.at\/en\/wp-json\/wp\/v2\/pages\/23"}],"collection":[{"href":"https:\/\/www.wieshof.at\/en\/wp-json\/wp\/v2\/pages"}],"about":[{"href":"https:\/\/www.wieshof.at\/en\/wp-json\/wp\/v2\/types\/page"}],"author":[{"embeddable":true,"href":"https:\/\/www.wieshof.at\/en\/wp-json\/wp\/v2\/users\/4"}],"replies":[{"embeddable":true,"href":"https:\/\/www.wieshof.at\/en\/wp-json\/wp\/v2\/comments?post=23"}],"version-history":[{"count":128,"href":"https:\/\/www.wieshof.at\/en\/wp-json\/wp\/v2\/pages\/23\/revisions"}],"predecessor-version":[{"id":1674,"href":"https:\/\/www.wieshof.at\/en\/wp-json\/wp\/v2\/pages\/23\/revisions\/1674"}],"wp:attachment":[{"href":"https:\/\/www.wieshof.at\/en\/wp-json\/wp\/v2\/media?parent=23"}],"curies":[{"name":"wp","href":"https:\/\/api.w.org\/{rel}","templated":true}]}}