{"id":5,"date":"2021-09-03T05:39:53","date_gmt":"2021-09-03T03:39:53","guid":{"rendered":"http:\/\/10.10.50.99\/wordpress\/?page_id=5"},"modified":"2021-09-16T07:42:19","modified_gmt":"2021-09-16T05:42:19","slug":"wieshof","status":"publish","type":"page","link":"https:\/\/www.wieshof.at\/en\/","title":{"rendered":"Wieshof"},"content":{"rendered":"<figure class=\"wp-block-image alignfull\"><img loading=\"lazy\" width=\"1024\" height=\"530\" src=\"http:\/\/wieshof.its-donbosco.de\/wp-content\/uploads\/2021\/09\/Frontpage-1024x530.jpg\" alt=\"\" class=\"wp-image-1039\" srcset=\"https:\/\/www.wieshof.at\/wp-content\/uploads\/2021\/09\/Frontpage-1024x530.jpg 1024w, https:\/\/www.wieshof.at\/wp-content\/uploads\/2021\/09\/Frontpage-300x155.jpg 300w, https:\/\/www.wieshof.at\/wp-content\/uploads\/2021\/09\/Frontpage-768x397.jpg 768w, https:\/\/www.wieshof.at\/wp-content\/uploads\/2021\/09\/Frontpage-1536x795.jpg 1536w, https:\/\/www.wieshof.at\/wp-content\/uploads\/2021\/09\/Frontpage-2048x1059.jpg 2048w, https:\/\/www.wieshof.at\/wp-content\/uploads\/2021\/09\/Frontpage-1200x621.jpg 1200w, https:\/\/www.wieshof.at\/wp-content\/uploads\/2021\/09\/Frontpage-1980x1024.jpg 1980w\" sizes=\"(max-width: 1024px) 100vw, 1024px\" \/><\/figure>\n\n\n\n<h2>Our Apartment-House in Vent<\/h2>\n\n\n\n<p class=\"centeredText blockText\"> <span>We, the Schreiber family, welcome you kindly to Oetztal near South Tyrol. Exciting adventures await you here in the small town of Vent. The gorgeous high alpine scenery invites you to go hiking, climbing, mountainbiking or skiing during the cold winter months.\nAlternatively, the Ventertal\/Oetztal has many enjoyable activities to offer, whether you are looking for fun, sports or relaxation.<br> More information can be found on the <a href=\"https:\/\/www.oetztal.com\">Oetztal Website<\/a>.<\/span> <br><br> <span>Our house lies at the center of <a href=\"http:\/\/wieshof.its-donbosco.de\/vent\/\">Vent<\/a>, in a quiet location with close proximity to the local chairlift (approx. 100m footpath). Both the bus stop and shopping facilities are only about a 30 metre walk away from Wieshof.<\/span> <br><br> <span>Additionally our house has both a sauna and infrared sauna, aswell as rooms to dry your shoes and store them, along with your skis. We are happy to offer you our bread roll services (with exception of sundays and public holidays).<\/span> <br><br> <span>Please feel right at home in our comfortably furnished and generously equipped <a href=\"http:\/\/wieshof.its-donbosco.de\/appartements\/\">Apartments<\/a>.<\/span><\/p>","protected":false},"excerpt":{"rendered":"<p>Unser Appartement-Haus in Vent Wir, Familie Scheiber, hei\u00dfen Sie herzlich willkommen im \u00d6tztal nahe S\u00fcdtirol. Hier im \u00d6rtchen Vent warten spannende Abenteuer auf Sie. Die bildsch\u00f6ne hochalpine Landschaft l\u00e4dt zum Wandern, Bergsteigen oder Mountainbiken,&nbsp;sowie&nbsp;im Winter zum Skifahren ein. Alternativ bietet das Ventertal\/\u00d6tztal viele Freizeit-, Sport- und Erholungsm\u00f6glichkeiten. Genaueres finden Sie auf den Internetseiten des \u00d6tztals. [&hellip;]<\/p>","protected":false},"author":4,"featured_media":0,"parent":0,"menu_order":0,"comment_status":"closed","ping_status":"closed","template":"","meta":[],"_links":{"self":[{"href":"https:\/\/www.wieshof.at\/en\/wp-json\/wp\/v2\/pages\/5"}],"collection":[{"href":"https:\/\/www.wieshof.at\/en\/wp-json\/wp\/v2\/pages"}],"about":[{"href":"https:\/\/www.wieshof.at\/en\/wp-json\/wp\/v2\/types\/page"}],"author":[{"embeddable":true,"href":"https:\/\/www.wieshof.at\/en\/wp-json\/wp\/v2\/users\/4"}],"replies":[{"embeddable":true,"href":"https:\/\/www.wieshof.at\/en\/wp-json\/wp\/v2\/comments?post=5"}],"version-history":[{"count":28,"href":"https:\/\/www.wieshof.at\/en\/wp-json\/wp\/v2\/pages\/5\/revisions"}],"predecessor-version":[{"id":1575,"href":"https:\/\/www.wieshof.at\/en\/wp-json\/wp\/v2\/pages\/5\/revisions\/1575"}],"wp:attachment":[{"href":"https:\/\/www.wieshof.at\/en\/wp-json\/wp\/v2\/media?parent=5"}],"curies":[{"name":"wp","href":"https:\/\/api.w.org\/{rel}","templated":true}]}}